{"id":1347,"date":"2025-09-11T20:02:46","date_gmt":"2025-09-11T20:02:46","guid":{"rendered":"https:\/\/agenciaweek.com.br\/mgi\/?page_id=1347"},"modified":"2025-09-15T18:26:17","modified_gmt":"2025-09-15T21:26:17","slug":"anuncie-seu-imovel","status":"publish","type":"page","link":"https:\/\/agenciaweek.com.br\/mgi\/anuncie-seu-imovel\/","title":{"rendered":"Anuncie seu im\u00f3vel"},"content":{"rendered":"\t\t<div data-elementor-type=\"wp-page\" data-elementor-id=\"1347\" class=\"elementor elementor-1347\" data-elementor-post-type=\"page\">\n\t\t\t\t<div data-dce-background-overlay-color=\"#142047\" data-dce-background-image-url=\"https:\/\/agenciaweek.com.br\/mgi\/wp-content\/uploads\/2025\/09\/img-anuncie.jpg\" class=\"elementor-element elementor-element-6110dc7 e-flex e-con-boxed e-con e-parent\" data-id=\"6110dc7\" data-element_type=\"container\" data-e-type=\"container\" data-settings=\"{&quot;background_background&quot;:&quot;classic&quot;}\">\n\t\t\t\t\t<div class=\"e-con-inner\">\n\t\t<div class=\"elementor-element elementor-element-6f07736 e-con-full e-flex e-con e-child\" data-id=\"6f07736\" data-element_type=\"container\" data-e-type=\"container\">\n\t\t\t\t<div class=\"elementor-element elementor-element-279d1a8 elementor-widget elementor-widget-heading\" data-id=\"279d1a8\" data-element_type=\"widget\" data-e-type=\"widget\" data-widget_type=\"heading.default\">\n\t\t\t\t\t<h2 class=\"elementor-heading-title elementor-size-default\">Anuncie seu im\u00f3vel<\/h2>\t\t\t\t<\/div>\n\t\t\t\t<\/div>\n\t\t\t\t\t<\/div>\n\t\t\t\t<\/div>\n\t\t<div class=\"elementor-element elementor-element-6a54fa7 e-flex e-con-boxed e-con e-parent\" data-id=\"6a54fa7\" data-element_type=\"container\" data-e-type=\"container\">\n\t\t\t\t\t<div class=\"e-con-inner\">\n\t\t<div class=\"elementor-element elementor-element-e355b3d e-con-full e-flex e-con e-child\" data-id=\"e355b3d\" data-element_type=\"container\" data-e-type=\"container\">\n\t\t\t\t<div class=\"elementor-element elementor-element-458c1c4 elementor-widget elementor-widget-heading\" data-id=\"458c1c4\" data-element_type=\"widget\" data-e-type=\"widget\" data-widget_type=\"heading.default\">\n\t\t\t\t\t<h2 class=\"elementor-heading-title elementor-size-default\">De forma simples e r\u00e1pido, publicamos seu im\u00f3vel em nossos portais imobili\u00e1rios<\/h2>\t\t\t\t<\/div>\n\t\t\t\t<\/div>\n\t\t<div class=\"elementor-element elementor-element-6f1caf5 e-con-full e-flex e-con e-child\" data-id=\"6f1caf5\" data-element_type=\"container\" data-e-type=\"container\">\n\t\t<div class=\"elementor-element elementor-element-2686f37 e-con-full e-flex e-con e-child\" data-id=\"2686f37\" data-element_type=\"container\" data-e-type=\"container\">\n\t\t\t\t<div data-dce-advanced-background-color=\"#1C439D\" class=\"elementor-element elementor-element-dc22d7f elementor-widget elementor-widget-heading\" data-id=\"dc22d7f\" data-element_type=\"widget\" data-e-type=\"widget\" data-widget_type=\"heading.default\">\n\t\t\t\t\t<h2 class=\"elementor-heading-title elementor-size-default\">1<\/h2>\t\t\t\t<\/div>\n\t\t\t\t<div class=\"elementor-element elementor-element-396f618 elementor-widget elementor-widget-heading\" data-id=\"396f618\" data-element_type=\"widget\" data-e-type=\"widget\" data-widget_type=\"heading.default\">\n\t\t\t\t\t<h2 class=\"elementor-heading-title elementor-size-default\">Cadastre seu im\u00f3vel<\/h2>\t\t\t\t<\/div>\n\t\t\t\t<div class=\"elementor-element elementor-element-e77dd20 elementor-widget elementor-widget-text-editor\" data-id=\"e77dd20\" data-element_type=\"widget\" data-e-type=\"widget\" data-widget_type=\"text-editor.default\">\n\t\t\t\t\t\t\t\t\t<p>Preencha o formul\u00e1rio com as informa\u00e7\u00f5es do im\u00f3vel e seus dados de contato.<\/p>\t\t\t\t\t\t\t\t<\/div>\n\t\t\t\t<\/div>\n\t\t<div class=\"elementor-element elementor-element-58af246 e-con-full e-flex e-con e-child\" data-id=\"58af246\" data-element_type=\"container\" data-e-type=\"container\">\n\t\t\t\t<div data-dce-advanced-background-color=\"#1C439D\" class=\"elementor-element elementor-element-cfe08f5 elementor-widget elementor-widget-heading\" data-id=\"cfe08f5\" data-element_type=\"widget\" data-e-type=\"widget\" data-widget_type=\"heading.default\">\n\t\t\t\t\t<h2 class=\"elementor-heading-title elementor-size-default\">2<\/h2>\t\t\t\t<\/div>\n\t\t\t\t<div class=\"elementor-element elementor-element-fb6e0ed elementor-widget elementor-widget-heading\" data-id=\"fb6e0ed\" data-element_type=\"widget\" data-e-type=\"widget\" data-widget_type=\"heading.default\">\n\t\t\t\t\t<h2 class=\"elementor-heading-title elementor-size-default\">Contato do consultor<\/h2>\t\t\t\t<\/div>\n\t\t\t\t<div class=\"elementor-element elementor-element-40dcc8e elementor-widget elementor-widget-text-editor\" data-id=\"40dcc8e\" data-element_type=\"widget\" data-e-type=\"widget\" data-widget_type=\"text-editor.default\">\n\t\t\t\t\t\t\t\t\t<p>Um consultor de nossa equipe entrar\u00e1 em contato dar andamento.<\/p>\t\t\t\t\t\t\t\t<\/div>\n\t\t\t\t<\/div>\n\t\t<div class=\"elementor-element elementor-element-da0c095 e-con-full e-flex e-con e-child\" data-id=\"da0c095\" data-element_type=\"container\" data-e-type=\"container\">\n\t\t\t\t<div data-dce-advanced-background-color=\"#1C439D\" class=\"elementor-element elementor-element-0b265e8 elementor-widget elementor-widget-heading\" data-id=\"0b265e8\" data-element_type=\"widget\" data-e-type=\"widget\" data-widget_type=\"heading.default\">\n\t\t\t\t\t<h2 class=\"elementor-heading-title elementor-size-default\">3<\/h2>\t\t\t\t<\/div>\n\t\t\t\t<div class=\"elementor-element elementor-element-6602356 elementor-widget elementor-widget-heading\" data-id=\"6602356\" data-element_type=\"widget\" data-e-type=\"widget\" data-widget_type=\"heading.default\">\n\t\t\t\t\t<h2 class=\"elementor-heading-title elementor-size-default\">Im\u00f3vel publicado<\/h2>\t\t\t\t<\/div>\n\t\t\t\t<div class=\"elementor-element elementor-element-57d6de7 elementor-widget elementor-widget-text-editor\" data-id=\"57d6de7\" data-element_type=\"widget\" data-e-type=\"widget\" data-widget_type=\"text-editor.default\">\n\t\t\t\t\t\t\t\t\t<p>Ap\u00f3s coletarmos as informa\u00e7\u00f5es, tirar as fotos, pronto! Seu im\u00f3vel vai ao ar.<\/p>\t\t\t\t\t\t\t\t<\/div>\n\t\t\t\t<\/div>\n\t\t\t\t<\/div>\n\t\t\t\t\t<\/div>\n\t\t\t\t<\/div>\n\t\t<div class=\"elementor-element elementor-element-649e1b0 e-flex e-con-boxed e-con e-parent\" data-id=\"649e1b0\" data-element_type=\"container\" data-e-type=\"container\">\n\t\t\t\t\t<div class=\"e-con-inner\">\n\t\t<div data-dce-background-color=\"#F5F6F9\" class=\"elementor-element elementor-element-1d3a44d e-con-full e-flex e-con e-child\" data-id=\"1d3a44d\" data-element_type=\"container\" data-e-type=\"container\" data-settings=\"{&quot;background_background&quot;:&quot;classic&quot;}\">\n\t\t<div class=\"elementor-element elementor-element-280f1c4 e-con-full e-flex e-con e-child\" data-id=\"280f1c4\" data-element_type=\"container\" data-e-type=\"container\">\n\t\t\t\t<div class=\"elementor-element elementor-element-60ef7d0 elementor-widget elementor-widget-heading\" data-id=\"60ef7d0\" data-element_type=\"widget\" data-e-type=\"widget\" data-widget_type=\"heading.default\">\n\t\t\t\t\t<h2 class=\"elementor-heading-title elementor-size-default\">Fa\u00e7a seu cadastro e envie as informa\u00e7\u00f5es do seu im\u00f3vel<\/h2>\t\t\t\t<\/div>\n\t\t\t\t<\/div>\n\t\t<div class=\"elementor-element elementor-element-eadfaa8 e-con-full e-flex e-con e-child\" data-id=\"eadfaa8\" data-element_type=\"container\" data-e-type=\"container\">\n\t\t<div class=\"elementor-element elementor-element-cef312e e-con-full e-flex e-con e-child\" data-id=\"cef312e\" data-element_type=\"container\" data-e-type=\"container\">\n\t\t\t\t<div class=\"elementor-element elementor-element-b7cacec elementor-button-align-stretch elementor-widget elementor-widget-form\" data-id=\"b7cacec\" data-element_type=\"widget\" data-e-type=\"widget\" data-settings=\"{&quot;step_next_label&quot;:&quot;Pr\\u00f3ximo&quot;,&quot;step_previous_label&quot;:&quot;Anterior&quot;,&quot;button_width&quot;:&quot;100&quot;,&quot;dce_confirm_dialog_enabled&quot;:&quot;no&quot;,&quot;step_type&quot;:&quot;number_text&quot;,&quot;step_icon_shape&quot;:&quot;circle&quot;,&quot;label_icon_size&quot;:{&quot;unit&quot;:&quot;px&quot;,&quot;size&quot;:&quot;&quot;,&quot;sizes&quot;:[]},&quot;field_icon_size&quot;:{&quot;unit&quot;:&quot;px&quot;,&quot;size&quot;:&quot;&quot;,&quot;sizes&quot;:[]}}\" data-widget_type=\"form.default\">\n\t\t\t\t<div class=\"elementor-widget-container\">\n\t\t\t\t\t\t\t<form class=\"elementor-form\" method=\"post\" name=\"Novo formul\u00e1rio\">\r\n\t\t\t<input type=\"hidden\" name=\"post_id\" value=\"1347\"\/>\r\n\t\t\t<input type=\"hidden\" name=\"form_id\" value=\"b7cacec\"\/>\r\n\t\t\t<input type=\"hidden\" name=\"referer_title\" value=\"MGI Im\u00f3veis\" \/>\r\n\r\n\t\t\t\r\n\t\t\t<div class=\"elementor-form-fields-wrapper elementor-labels-above\">\r\n\t\t\t\t\t\t\t\t<div class=\"elementor-field-type-text elementor-field-group elementor-column elementor-field-group-name elementor-col-50\">\r\n\t\t\t\t\t\t\t\t\t\t\t\t<label for=\"form-field-name\" class=\"elementor-field-label\">\r\n\t\t\t\t\t\t\t\tNome\t\t\t\t\t\t\t<\/label>\r\n\t\t\t\t\t\t\t\t\t\t\t\t\t\t<input size=\"1\" type=\"text\" name=\"form_fields[name]\" id=\"form-field-name\" class=\"elementor-field elementor-size-md  elementor-field-textual\">\r\n\t\t\t\t\t\t\t\t\t\t\t<\/div>\r\n\t\t\t\t\t\t\t\t<div class=\"elementor-field-type-text elementor-field-group elementor-column elementor-field-group-field_cb1926d elementor-col-50 elementor-field-required\">\r\n\t\t\t\t\t\t\t\t\t\t\t\t<label for=\"form-field-field_cb1926d\" class=\"elementor-field-label\">\r\n\t\t\t\t\t\t\t\tSobrenome\t\t\t\t\t\t\t<\/label>\r\n\t\t\t\t\t\t\t\t\t\t\t\t\t\t<input size=\"1\" type=\"text\" name=\"form_fields[field_cb1926d]\" id=\"form-field-field_cb1926d\" class=\"elementor-field elementor-size-md  elementor-field-textual\" required=\"required\" aria-required=\"true\">\r\n\t\t\t\t\t\t\t\t\t\t\t<\/div>\r\n\t\t\t\t\t\t\t\t<div class=\"elementor-field-type-email elementor-field-group elementor-column elementor-field-group-email elementor-col-50 elementor-field-required\">\r\n\t\t\t\t\t\t\t\t\t\t\t\t<label for=\"form-field-email\" class=\"elementor-field-label\">\r\n\t\t\t\t\t\t\t\tE-mail\t\t\t\t\t\t\t<\/label>\r\n\t\t\t\t\t\t\t\t\t\t\t\t\t\t<input size=\"1\" type=\"email\" name=\"form_fields[email]\" id=\"form-field-email\" class=\"elementor-field elementor-size-md  elementor-field-textual\" required=\"required\" aria-required=\"true\">\r\n\t\t\t\t\t\t\t\t\t\t\t<\/div>\r\n\t\t\t\t\t\t\t\t<div class=\"elementor-field-type-tel elementor-field-group elementor-column elementor-field-group-email elementor-col-50 elementor-field-required\">\r\n\t\t\t\t\t\t\t\t\t\t\t\t<label for=\"form-field-email\" class=\"elementor-field-label\">\r\n\t\t\t\t\t\t\t\tTelefone\t\t\t\t\t\t\t<\/label>\r\n\t\t\t\t\t\t\t\t<input size=\"1\" type=\"tel\" name=\"form_fields[email]\" id=\"form-field-email\" class=\"elementor-field elementor-size-md  elementor-field-textual\" required=\"required\" aria-required=\"true\" pattern=\"[0-9()#&amp;+*-=.]+\" title=\"Apenas n\u00fameros e caracteres de telefone (#, -, *, etc.) s\u00e3o aceitos.\">\r\n\r\n\t\t\t\t\t\t<\/div>\r\n\t\t\t\t\t\t\t\t<div class=\"elementor-field-type-text elementor-field-group elementor-column elementor-field-group-field_2e23959 elementor-col-50\">\r\n\t\t\t\t\t\t\t\t\t\t\t\t<label for=\"form-field-field_2e23959\" class=\"elementor-field-label\">\r\n\t\t\t\t\t\t\t\tEndere\u00e7o completo\t\t\t\t\t\t\t<\/label>\r\n\t\t\t\t\t\t\t\t\t\t\t\t\t\t<input size=\"1\" type=\"text\" name=\"form_fields[field_2e23959]\" id=\"form-field-field_2e23959\" class=\"elementor-field elementor-size-md  elementor-field-textual\">\r\n\t\t\t\t\t\t\t\t\t\t\t<\/div>\r\n\t\t\t\t\t\t\t\t<div class=\"elementor-field-type-text elementor-field-group elementor-column elementor-field-group-field_6b8b69f elementor-col-50\">\r\n\t\t\t\t\t\t\t\t\t\t\t\t<label for=\"form-field-field_6b8b69f\" class=\"elementor-field-label\">\r\n\t\t\t\t\t\t\t\tCEP\t\t\t\t\t\t\t<\/label>\r\n\t\t\t\t\t\t\t\t\t\t\t\t\t\t<input size=\"1\" type=\"text\" name=\"form_fields[field_6b8b69f]\" id=\"form-field-field_6b8b69f\" class=\"elementor-field elementor-size-md  elementor-field-textual\">\r\n\t\t\t\t\t\t\t\t\t\t\t<\/div>\r\n\t\t\t\t\t\t\t\t<div class=\"elementor-field-type-text elementor-field-group elementor-column elementor-field-group-field_fa21098 elementor-col-50\">\r\n\t\t\t\t\t\t\t\t\t\t\t\t<label for=\"form-field-field_fa21098\" class=\"elementor-field-label\">\r\n\t\t\t\t\t\t\t\tCidade\t\t\t\t\t\t\t<\/label>\r\n\t\t\t\t\t\t\t\t\t\t\t\t\t\t<input size=\"1\" type=\"text\" name=\"form_fields[field_fa21098]\" id=\"form-field-field_fa21098\" class=\"elementor-field elementor-size-md  elementor-field-textual\">\r\n\t\t\t\t\t\t\t\t\t\t\t<\/div>\r\n\t\t\t\t\t\t\t\t<div class=\"elementor-field-type-text elementor-field-group elementor-column elementor-field-group-field_a786266 elementor-col-50\">\r\n\t\t\t\t\t\t\t\t\t\t\t\t<label for=\"form-field-field_a786266\" class=\"elementor-field-label\">\r\n\t\t\t\t\t\t\t\tEstado\t\t\t\t\t\t\t<\/label>\r\n\t\t\t\t\t\t\t\t\t\t\t\t\t\t<input size=\"1\" type=\"text\" name=\"form_fields[field_a786266]\" id=\"form-field-field_a786266\" class=\"elementor-field elementor-size-md  elementor-field-textual\">\r\n\t\t\t\t\t\t\t\t\t\t\t<\/div>\r\n\t\t\t\t\t\t\t\t<div class=\"elementor-field-type-select elementor-field-group elementor-column elementor-field-group-field_2425eae elementor-col-50\">\r\n\t\t\t\t\t\t\t\t\t\t\t\t<label for=\"form-field-field_2425eae\" class=\"elementor-field-label\">\r\n\t\t\t\t\t\t\t\tTipo do im\u00f3vel\t\t\t\t\t\t\t<\/label>\r\n\t\t\t\t\t\t\t\t<div class=\"elementor-field elementor-select-wrapper remove-before \">\r\n\t\t\t<div class=\"select-caret-down-wrapper\">\r\n\t\t\t\t<svg aria-hidden=\"true\" class=\"e-font-icon-svg e-eicon-caret-down\" viewBox=\"0 0 571.4 571.4\" xmlns=\"http:\/\/www.w3.org\/2000\/svg\"><path d=\"M571 393Q571 407 561 418L311 668Q300 679 286 679T261 668L11 418Q0 407 0 393T11 368 36 357H536Q550 357 561 368T571 393Z\"><\/path><\/svg>\t\t\t<\/div>\r\n\t\t\t<select name=\"form_fields[field_2425eae]\" id=\"form-field-field_2425eae\" class=\"elementor-field-textual elementor-size-md\">\r\n\t\t\t\t\t\t\t\t\t<option value=\"Apartamento\">Apartamento<\/option>\r\n\t\t\t\t\t\t\t\t\t<option value=\"Apartamento Duplex\">Apartamento Duplex<\/option>\r\n\t\t\t\t\t\t\t\t\t<option value=\"Casa\">Casa<\/option>\r\n\t\t\t\t\t\t\t\t\t<option value=\"Casa de Condom\u00ednio\">Casa de Condom\u00ednio<\/option>\r\n\t\t\t\t\t\t\t\t\t<option value=\"Casa em Condom\u00ednio\">Casa em Condom\u00ednio<\/option>\r\n\t\t\t\t\t\t\t\t\t<option value=\"Ch\u00e1cara\">Ch\u00e1cara<\/option>\r\n\t\t\t\t\t\t\t\t\t<option value=\"Cobertura\">Cobertura<\/option>\r\n\t\t\t\t\t\t\t\t\t<option value=\"Comercial\">Comercial<\/option>\r\n\t\t\t\t\t\t\t\t\t<option value=\"Fazendas\">Fazendas<\/option>\r\n\t\t\t\t\t\t\t\t\t<option value=\"Flat\/Loft\/Est\u00fadio\">Flat\/Loft\/Est\u00fadio<\/option>\r\n\t\t\t\t\t\t\t<\/select>\r\n\t\t<\/div>\r\n\t\t\t\t\t\t<\/div>\r\n\t\t\t\t\t\t\t\t<div class=\"elementor-field-type-select elementor-field-group elementor-column elementor-field-group-field_4179363 elementor-col-50\">\r\n\t\t\t\t\t\t\t\t\t\t\t\t<label for=\"form-field-field_4179363\" class=\"elementor-field-label\">\r\n\t\t\t\t\t\t\t\tFinalidade\t\t\t\t\t\t\t<\/label>\r\n\t\t\t\t\t\t\t\t<div class=\"elementor-field elementor-select-wrapper remove-before \">\r\n\t\t\t<div class=\"select-caret-down-wrapper\">\r\n\t\t\t\t<svg aria-hidden=\"true\" class=\"e-font-icon-svg e-eicon-caret-down\" viewBox=\"0 0 571.4 571.4\" xmlns=\"http:\/\/www.w3.org\/2000\/svg\"><path d=\"M571 393Q571 407 561 418L311 668Q300 679 286 679T261 668L11 418Q0 407 0 393T11 368 36 357H536Q550 357 561 368T571 393Z\"><\/path><\/svg>\t\t\t<\/div>\r\n\t\t\t<select name=\"form_fields[field_4179363]\" id=\"form-field-field_4179363\" class=\"elementor-field-textual elementor-size-md\">\r\n\t\t\t\t\t\t\t\t\t<option value=\"Aluguel\">Aluguel<\/option>\r\n\t\t\t\t\t\t\t\t\t<option value=\"Venda\">Venda<\/option>\r\n\t\t\t\t\t\t\t<\/select>\r\n\t\t<\/div>\r\n\t\t\t\t\t\t<\/div>\r\n\t\t\t\t\t\t\t\t<div class=\"elementor-field-type-text elementor-field-group elementor-column elementor-field-group-field_667142a elementor-col-50\">\r\n\t\t\t\t\t\t\t\t\t\t\t\t<label for=\"form-field-field_667142a\" class=\"elementor-field-label\">\r\n\t\t\t\t\t\t\t\tQual o m\u00b2?\t\t\t\t\t\t\t<\/label>\r\n\t\t\t\t\t\t\t\t\t\t\t\t\t\t<input size=\"1\" type=\"text\" name=\"form_fields[field_667142a]\" id=\"form-field-field_667142a\" class=\"elementor-field elementor-size-md  elementor-field-textual\">\r\n\t\t\t\t\t\t\t\t\t\t\t<\/div>\r\n\t\t\t\t\t\t\t\t<div class=\"elementor-field-type-text elementor-field-group elementor-column elementor-field-group-field_31cb452 elementor-col-50\">\r\n\t\t\t\t\t\t\t\t\t\t\t\t<label for=\"form-field-field_31cb452\" class=\"elementor-field-label\">\r\n\t\t\t\t\t\t\t\tQual o valor?\t\t\t\t\t\t\t<\/label>\r\n\t\t\t\t\t\t\t\t\t\t\t\t\t\t<input size=\"1\" type=\"text\" name=\"form_fields[field_31cb452]\" id=\"form-field-field_31cb452\" class=\"elementor-field elementor-size-md  elementor-field-textual\">\r\n\t\t\t\t\t\t\t\t\t\t\t<\/div>\r\n\t\t\t\t\t\t\t\t<div class=\"elementor-field-group elementor-column elementor-field-type-submit elementor-col-100 e-form__buttons\">\r\n\t\t\t\t\t<button class=\"elementor-button elementor-size-md\" type=\"submit\">\r\n\t\t\t\t\t\t<span class=\"elementor-button-content-wrapper\">\r\n\t\t\t\t\t\t\t\t\t\t\t\t\t\t\t\t\t\t\t\t\t\t<span class=\"elementor-button-text\">Enviar cadastro<\/span>\r\n\t\t\t\t\t\t\t\t\t\t\t\t\t<\/span>\r\n\t\t\t\t\t<\/button>\r\n\t\t\t\t<\/div>\r\n\t\t\t<\/div>\r\n\t\t<\/form>\r\n\t\t\t\t\t\t<\/div>\n\t\t\t\t<\/div>\n\t\t\t\t<\/div>\n\t\t\t\t<\/div>\n\t\t\t\t<\/div>\n\t\t\t\t\t<\/div>\n\t\t\t\t<\/div>\n\t\t<div class=\"elementor-element elementor-element-ec3eaad e-flex e-con-boxed e-con e-parent\" data-id=\"ec3eaad\" data-element_type=\"container\" data-e-type=\"container\">\n\t\t\t\t\t<div class=\"e-con-inner\">\n\t\t\t\t<div class=\"elementor-element elementor-element-86068f5 elementor-widget elementor-widget-heading\" data-id=\"86068f5\" data-element_type=\"widget\" data-e-type=\"widget\" data-widget_type=\"heading.default\">\n\t\t\t\t\t<h2 class=\"elementor-heading-title elementor-size-default\">Se preferir, fale pelo WhatsApp<\/h2>\t\t\t\t<\/div>\n\t\t\t\t<div data-dce-background-color=\"#25D366\" class=\"elementor-element elementor-element-6b8e5a3 elementor-align-center elementor-widget elementor-widget-button\" data-id=\"6b8e5a3\" data-element_type=\"widget\" data-e-type=\"widget\" data-widget_type=\"button.default\">\n\t\t\t\t\t\t\t\t\t\t<a class=\"elementor-button elementor-button-link elementor-size-sm\" href=\"#\">\n\t\t\t\t\t\t<span class=\"elementor-button-content-wrapper\">\n\t\t\t\t\t\t<span class=\"elementor-button-icon\">\n\t\t\t\t<svg aria-hidden=\"true\" class=\"e-font-icon-svg e-fab-whatsapp\" viewBox=\"0 0 448 512\" xmlns=\"http:\/\/www.w3.org\/2000\/svg\"><path d=\"M380.9 97.1C339 55.1 283.2 32 223.9 32c-122.4 0-222 99.6-222 222 0 39.1 10.2 77.3 29.6 111L0 480l117.7-30.9c32.4 17.7 68.9 27 106.1 27h.1c122.3 0 224.1-99.6 224.1-222 0-59.3-25.2-115-67.1-157zm-157 341.6c-33.2 0-65.7-8.9-94-25.7l-6.7-4-69.8 18.3L72 359.2l-4.4-7c-18.5-29.4-28.2-63.3-28.2-98.2 0-101.7 82.8-184.5 184.6-184.5 49.3 0 95.6 19.2 130.4 54.1 34.8 34.9 56.2 81.2 56.1 130.5 0 101.8-84.9 184.6-186.6 184.6zm101.2-138.2c-5.5-2.8-32.8-16.2-37.9-18-5.1-1.9-8.8-2.8-12.5 2.8-3.7 5.6-14.3 18-17.6 21.8-3.2 3.7-6.5 4.2-12 1.4-32.6-16.3-54-29.1-75.5-66-5.7-9.8 5.7-9.1 16.3-30.3 1.8-3.7.9-6.9-.5-9.7-1.4-2.8-12.5-30.1-17.1-41.2-4.5-10.8-9.1-9.3-12.5-9.5-3.2-.2-6.9-.2-10.6-.2-3.7 0-9.7 1.4-14.8 6.9-5.1 5.6-19.4 19-19.4 46.3 0 27.3 19.9 53.7 22.6 57.4 2.8 3.7 39.1 59.7 94.8 83.8 35.2 15.2 49 16.5 66.6 13.9 10.7-1.6 32.8-13.4 37.4-26.4 4.6-13 4.6-24.1 3.2-26.4-1.3-2.5-5-3.9-10.5-6.6z\"><\/path><\/svg>\t\t\t<\/span>\n\t\t\t\t\t\t\t\t\t<span class=\"elementor-button-text\">Falar agora no WhatsApp<\/span>\n\t\t\t\t\t<\/span>\n\t\t\t\t\t<\/a>\n\t\t\t\t\t\t\t\t<\/div>\n\t\t\t\t\t<\/div>\n\t\t\t\t<\/div>\n\t\t\t\t<\/div>\n\t\t","protected":false},"excerpt":{"rendered":"<p>Anuncie seu im\u00f3vel De forma simples e r\u00e1pido, publicamos seu im\u00f3vel em nossos portais imobili\u00e1rios 1 Cadastre seu im\u00f3vel Preencha o formul\u00e1rio com as informa\u00e7\u00f5es do im\u00f3vel e seus dados de contato. 2 Contato do consultor Um consultor de nossa equipe entrar\u00e1 em contato dar andamento. 3 Im\u00f3vel publicado Ap\u00f3s coletarmos as informa\u00e7\u00f5es, tirar as [&hellip;]<\/p>\n","protected":false},"author":1,"featured_media":0,"parent":0,"menu_order":0,"comment_status":"closed","ping_status":"closed","template":"","meta":{"footnotes":""},"class_list":["post-1347","page","type-page","status-publish","hentry"],"acf":[],"yoast_head":"<!-- This site is optimized with the Yoast SEO plugin v27.2 - https:\/\/yoast.com\/product\/yoast-seo-wordpress\/ -->\n<title>Anuncie seu im\u00f3vel - MGI Im\u00f3veis<\/title>\n<meta name=\"robots\" content=\"index, follow, max-snippet:-1, max-image-preview:large, max-video-preview:-1\" \/>\n<link rel=\"canonical\" href=\"https:\/\/agenciaweek.com.br\/mgi\/anuncie-seu-imovel\/\" \/>\n<meta property=\"og:locale\" content=\"pt_BR\" \/>\n<meta property=\"og:type\" content=\"article\" \/>\n<meta property=\"og:title\" content=\"Anuncie seu im\u00f3vel - MGI Im\u00f3veis\" \/>\n<meta property=\"og:description\" content=\"Anuncie seu im\u00f3vel De forma simples e r\u00e1pido, publicamos seu im\u00f3vel em nossos portais imobili\u00e1rios 1 Cadastre seu im\u00f3vel Preencha o formul\u00e1rio com as informa\u00e7\u00f5es do im\u00f3vel e seus dados de contato. 2 Contato do consultor Um consultor de nossa equipe entrar\u00e1 em contato dar andamento. 3 Im\u00f3vel publicado Ap\u00f3s coletarmos as informa\u00e7\u00f5es, tirar as [&hellip;]\" \/>\n<meta property=\"og:url\" content=\"https:\/\/agenciaweek.com.br\/mgi\/anuncie-seu-imovel\/\" \/>\n<meta property=\"og:site_name\" content=\"MGI Im\u00f3veis\" \/>\n<meta property=\"article:modified_time\" content=\"2025-09-15T21:26:17+00:00\" \/>\n<meta name=\"twitter:card\" content=\"summary_large_image\" \/>\n<meta name=\"twitter:label1\" content=\"Est. tempo de leitura\" \/>\n\t<meta name=\"twitter:data1\" content=\"1 minuto\" \/>\n<script type=\"application\/ld+json\" class=\"yoast-schema-graph\">{\"@context\":\"https:\/\/schema.org\",\"@graph\":[{\"@type\":\"WebPage\",\"@id\":\"https:\/\/agenciaweek.com.br\/mgi\/anuncie-seu-imovel\/\",\"url\":\"https:\/\/agenciaweek.com.br\/mgi\/anuncie-seu-imovel\/\",\"name\":\"Anuncie seu im\u00f3vel - MGI Im\u00f3veis\",\"isPartOf\":{\"@id\":\"https:\/\/agenciaweek.com.br\/mgi\/#website\"},\"datePublished\":\"2025-09-11T20:02:46+00:00\",\"dateModified\":\"2025-09-15T21:26:17+00:00\",\"breadcrumb\":{\"@id\":\"https:\/\/agenciaweek.com.br\/mgi\/anuncie-seu-imovel\/#breadcrumb\"},\"inLanguage\":\"pt-BR\",\"potentialAction\":[{\"@type\":\"ReadAction\",\"target\":[\"https:\/\/agenciaweek.com.br\/mgi\/anuncie-seu-imovel\/\"]}]},{\"@type\":\"BreadcrumbList\",\"@id\":\"https:\/\/agenciaweek.com.br\/mgi\/anuncie-seu-imovel\/#breadcrumb\",\"itemListElement\":[{\"@type\":\"ListItem\",\"position\":1,\"name\":\"MGI\",\"item\":\"https:\/\/agenciaweek.com.br\/mgi\/\"},{\"@type\":\"ListItem\",\"position\":2,\"name\":\"Anuncie seu im\u00f3vel\"}]},{\"@type\":\"WebSite\",\"@id\":\"https:\/\/agenciaweek.com.br\/mgi\/#website\",\"url\":\"https:\/\/agenciaweek.com.br\/mgi\/\",\"name\":\"MGI Im\u00f3veis\",\"description\":\"Venda e Aluguel. Apartamentos, casas, salas comerciais\",\"potentialAction\":[{\"@type\":\"SearchAction\",\"target\":{\"@type\":\"EntryPoint\",\"urlTemplate\":\"https:\/\/agenciaweek.com.br\/mgi\/?s={search_term_string}\"},\"query-input\":{\"@type\":\"PropertyValueSpecification\",\"valueRequired\":true,\"valueName\":\"search_term_string\"}}],\"inLanguage\":\"pt-BR\"}]}<\/script>\n<!-- \/ Yoast SEO plugin. -->","yoast_head_json":{"title":"Anuncie seu im\u00f3vel - MGI Im\u00f3veis","robots":{"index":"index","follow":"follow","max-snippet":"max-snippet:-1","max-image-preview":"max-image-preview:large","max-video-preview":"max-video-preview:-1"},"canonical":"https:\/\/agenciaweek.com.br\/mgi\/anuncie-seu-imovel\/","og_locale":"pt_BR","og_type":"article","og_title":"Anuncie seu im\u00f3vel - MGI Im\u00f3veis","og_description":"Anuncie seu im\u00f3vel De forma simples e r\u00e1pido, publicamos seu im\u00f3vel em nossos portais imobili\u00e1rios 1 Cadastre seu im\u00f3vel Preencha o formul\u00e1rio com as informa\u00e7\u00f5es do im\u00f3vel e seus dados de contato. 2 Contato do consultor Um consultor de nossa equipe entrar\u00e1 em contato dar andamento. 3 Im\u00f3vel publicado Ap\u00f3s coletarmos as informa\u00e7\u00f5es, tirar as [&hellip;]","og_url":"https:\/\/agenciaweek.com.br\/mgi\/anuncie-seu-imovel\/","og_site_name":"MGI Im\u00f3veis","article_modified_time":"2025-09-15T21:26:17+00:00","twitter_card":"summary_large_image","twitter_misc":{"Est. tempo de leitura":"1 minuto"},"schema":{"@context":"https:\/\/schema.org","@graph":[{"@type":"WebPage","@id":"https:\/\/agenciaweek.com.br\/mgi\/anuncie-seu-imovel\/","url":"https:\/\/agenciaweek.com.br\/mgi\/anuncie-seu-imovel\/","name":"Anuncie seu im\u00f3vel - MGI Im\u00f3veis","isPartOf":{"@id":"https:\/\/agenciaweek.com.br\/mgi\/#website"},"datePublished":"2025-09-11T20:02:46+00:00","dateModified":"2025-09-15T21:26:17+00:00","breadcrumb":{"@id":"https:\/\/agenciaweek.com.br\/mgi\/anuncie-seu-imovel\/#breadcrumb"},"inLanguage":"pt-BR","potentialAction":[{"@type":"ReadAction","target":["https:\/\/agenciaweek.com.br\/mgi\/anuncie-seu-imovel\/"]}]},{"@type":"BreadcrumbList","@id":"https:\/\/agenciaweek.com.br\/mgi\/anuncie-seu-imovel\/#breadcrumb","itemListElement":[{"@type":"ListItem","position":1,"name":"MGI","item":"https:\/\/agenciaweek.com.br\/mgi\/"},{"@type":"ListItem","position":2,"name":"Anuncie seu im\u00f3vel"}]},{"@type":"WebSite","@id":"https:\/\/agenciaweek.com.br\/mgi\/#website","url":"https:\/\/agenciaweek.com.br\/mgi\/","name":"MGI Im\u00f3veis","description":"Venda e Aluguel. Apartamentos, casas, salas comerciais","potentialAction":[{"@type":"SearchAction","target":{"@type":"EntryPoint","urlTemplate":"https:\/\/agenciaweek.com.br\/mgi\/?s={search_term_string}"},"query-input":{"@type":"PropertyValueSpecification","valueRequired":true,"valueName":"search_term_string"}}],"inLanguage":"pt-BR"}]}},"_links":{"self":[{"href":"https:\/\/agenciaweek.com.br\/mgi\/wp-json\/wp\/v2\/pages\/1347","targetHints":{"allow":["GET"]}}],"collection":[{"href":"https:\/\/agenciaweek.com.br\/mgi\/wp-json\/wp\/v2\/pages"}],"about":[{"href":"https:\/\/agenciaweek.com.br\/mgi\/wp-json\/wp\/v2\/types\/page"}],"author":[{"embeddable":true,"href":"https:\/\/agenciaweek.com.br\/mgi\/wp-json\/wp\/v2\/users\/1"}],"replies":[{"embeddable":true,"href":"https:\/\/agenciaweek.com.br\/mgi\/wp-json\/wp\/v2\/comments?post=1347"}],"version-history":[{"count":55,"href":"https:\/\/agenciaweek.com.br\/mgi\/wp-json\/wp\/v2\/pages\/1347\/revisions"}],"predecessor-version":[{"id":4583,"href":"https:\/\/agenciaweek.com.br\/mgi\/wp-json\/wp\/v2\/pages\/1347\/revisions\/4583"}],"wp:attachment":[{"href":"https:\/\/agenciaweek.com.br\/mgi\/wp-json\/wp\/v2\/media?parent=1347"}],"curies":[{"name":"wp","href":"https:\/\/api.w.org\/{rel}","templated":true}]}}